{"id":310,"date":"2018-04-25T14:58:21","date_gmt":"2018-04-25T12:58:21","guid":{"rendered":"https:\/\/www.pokewien.info\/?page_id=310"},"modified":"2023-05-23T15:12:53","modified_gmt":"2023-05-23T13:12:53","slug":"tg-raid-bot","status":"publish","type":"page","link":"https:\/\/www.pokewien.info\/?page_id=310","title":{"rendered":"Telegram Raid Bot"},"content":{"rendered":"<h2>Telegram Raid Bot<\/h2>\n<p>Es k\u00f6nnen Raids einfach organisiert und abgerufen werden inklusive der Standorte aller Arenen in Wien.<\/p>\n<p><a href=\"https:\/\/t.me\/pokewienRaidBot\" target=\"_blank\" rel=\"noopener noreferrer\">Link zum Bot<\/a><\/p>\n<hr \/>\n<h3>Inhalt<\/h3>\n<p><strong><a href=\"#raidsymbole\">Raidsymbole<\/a><\/strong><\/p>\n<p><strong>Allgemeine Kommandos<\/strong><\/p>\n<p><a href=\"#daten\">Spielerdaten speichern<\/a><br \/>\n<a href=\"#datenentf\">Spielerdaten entfernen<\/a><br \/>\n<a href=\"#trainer\">Name und Code speichern<\/a><br \/>\n<a href=\"#hilfe\">Informationen zu Kommandos<\/a><br \/>\n<a href=\"#symbole\">Informationen zu den Symbolen<\/a><br \/>\n<a href=\"#monitor\">Benachrichtigungen zu \u00fcberwachten Arenen<\/a><br \/>\n<a href=\"#filter\">Filtereinstellungen f\u00fcr Arenen<\/a><br \/>\n<a href=\"#liste\">Aktive Raids der Gruppe anzeigen<\/a><br \/>\n<a href=\"#info\">Benachrichtigungen bei Zu- und Absagen<\/a><br \/>\n<a href=\"#arenasuche\">Suche nach Arenastandorten<\/a><br \/>\n<a href=\"#raidsuche\">Suche nach gruppen\u00fcbergreifenden Raids<\/a><\/p>\n<p><strong>Raids erstellen\/bearbeiten<\/strong><\/p>\n<p><a href=\"#raid\">Raid erstellen<\/a><br \/>\n<a href=\"#raidaufruf\">Raid erneut aufrufen<\/a><br \/>\n<a href=\"#arena\">Arena nachtr\u00e4glich \u00e4ndern<\/a><br \/>\n<a href=\"#zeit\">Uhrzeit nachtr\u00e4glich \u00e4ndern<\/a><br \/>\n<a href=\"#boss\">Raid Boss nachtr\u00e4glich \u00e4ndern<\/a><br \/>\n<a href=\"#abbr\">Raid abbrechen<\/a><\/p>\n<p><strong>Gruppenadministration<\/strong><\/p>\n<p><a href=\"#keintp\">Infotext bei keinem Treffpunkt<\/a><br \/>\n<a href=\"#plz\">Gruppengebiet<\/a><br \/>\n<a href=\"#raidsentf\">Raids entfernen<\/a><br \/>\n<a href=\"#zeigetp\">Treffpunkte vorschlagen<\/a><\/p>\n<p><strong>Zusatzfunktionen<\/strong><\/p>\n<p><a href=\"#exupload\">EX Raid Pass senden<\/a><\/p>\n<hr \/>\n<h3 id=\"raidsymbole\">Raidsymbole<\/h3>\n<p>Nachdem ein Raid erstellt worden ist, stehen folgende Optionen zur Verf\u00fcgung:<\/p>\n<p>\u2713\ud83d\udccd :<code><\/code> Zusage zu einem Vor-Ort-Raid.<\/p>\n<p>\u2713\ud83d\udd79 : Zusage zu einem Fern-Raid. Bei zweimaligem Klick darauf kann man zu erkennen geben, dass man eine Einladung zum Raid w\u00fcnscht. Andere Spieler k\u00f6nnen mit einem Klick auf\u00a0 \ud83d\udce9 und auf den Button <code>STARTEN<\/code> im Bot den Einladungswunsch best\u00e4tigen. Anschlie\u00dfend bekommt man den Trainercode zugesendet , um den Spieler zur Freundesliste hinzuzuf\u00fcgen und der Spieler wird informiert, dass dieser eine Einladung erhalten wird. Hat jemand die Anfrage best\u00e4tigt, wechselt das Symbol auf \ud83d\udc8c.<br \/>\nMan kann jederzeit wieder auf das Fern-Raid Symbol wechseln.<\/p>\n<p>+1 : Bei mehreren Accounts kann man hier die zus\u00e4tzlichen Spieler angeben. Eine Absage setzt den Wert zur\u00fcck. Au\u00dferdem kann hier erstmalig zu einem Vor-Ort-Raid zugesagt werden.<\/p>\n<p>X : Absage zu einem Raid nachdem man bereits zugesagt hatte.<\/p>\n<p>+5m : Sollte man nach einer Zusage sich bis zu 5 min versp\u00e4ten, kann man das hier einmalig kundtun. Bei zweimaligem Klick darauf kann man sich als unabh\u00e4ngige Gruppe kennzeichnen. Das bedeutet, dass man mit einer bereits ausreichend gro\u00dfen Gruppe unterwegs ist und Gruppen vor Ort nicht warten m\u00fcssen.<\/p>\n<p>Sp\u00e4testens 25 Minuten nach Ablauf des gew\u00e4hlten Treffpunkts wird der Raid automatisch als beendet deklariert.<br \/>\nSollte nur eine Schl\u00fcpfzeit gew\u00e4hlt worden sein, dann erh\u00f6ht sich der Zeitrahmen auf bis zu 60 Minuten.<\/p>\n<p>Ist die Arena EX f\u00e4hig, wird ein entsprechendes Symbol vor dem Arenanamen angezeigt:<br \/>\n\ud83c\udf33 Potenzielle EX Arena oder letzter EX Raid liegt zu lange zur\u00fcck<br \/>\n\ud83d\udd25 EX hat in den letzten 10 Einladungswellen stattgefunden<br \/>\n\u23f0 EX findet bald statt<\/p>\n<p>Gibt es weitere Einschr\u00e4nkungen bei der Arena, werden diese durch weitere Symbole dargestellt:<br \/>\n\u26d4\ufe0f Zugang zur Arena ist nicht \u00f6ffentlich<br \/>\n\ud83d\udcb0 Zugang zur Arena ist kostenpflichtig<br \/>\n\u23f3 Zugang zur Arena ist zeitlich beschr\u00e4nkt<\/p>\n<p>Infos zu den Symbolen bekommt man auch per Klick auf eines der Symbole im privaten Chat mit dem Raid Bot. Anschlie\u00dfend muss per Klick auf den Button <code>STARTEN<\/code> die Kommunikation aktiviert werden.<\/p>\n<h3>Allgemeine Kommandos<\/h3>\n<p><strong id=\"daten\">Spielerdaten speichern<\/strong><br \/>\n<em>\/daten Teamfarbe,Level<\/em><br \/>\nBsp: \/daten blau,30<\/p>\n<p><em>Teamfarbe:<\/em> G\u00fcltige Farben sind blau, gelb und rot.<\/p>\n<p><em>Level:<\/em> Das Level muss zwischen 1 und 40 liegen.<\/p>\n<p>Die Daten werden dauerhaft gespeichert und bei jeder Raid Teilnahme angezeigt.<br \/>\nUm die Daten zu aktualisieren, kann das Kommando einfach noch einmal mit den neuen Daten eingegeben werden.<\/p>\n<p><strong id=\"datenentf\">Spielerdaten entfernen<\/strong><br \/>\n<em>\/daten entf<\/em><\/p>\n<p>Damit k\u00f6nnen die gespeicherten Daten zu Teamfarbe und Level wieder entfernt werden.<\/p>\n<p><strong id=\"trainer\">Name und Code speichern<\/strong><br \/>\n<em>\/trainer Spielername,Code<\/em><br \/>\nBsp: \/trainer BlauerSpieler,123412341234<\/p>\n<p>Die Daten werden dauerhaft gespeichert und k\u00f6nnen von anderen Spielern abgerufen werden, wenn man beim Raid um eine Einladung bittet.<br \/>\nUm die Daten zu aktualisieren, kann das Kommando einfach noch einmal mit den neuen Daten eingegeben werden.<\/p>\n<p><strong id=\"hilfe\">Informationen zu Kommandos<\/strong><br \/>\n<em>\/hilfe oder \/help<\/em><\/p>\n<p>Die Kommandos werden in einer kurzen \u00dcbersicht aufgelistet.<\/p>\n<p><strong id=\"symbole\">Informationen zu den Symbolen<\/strong><br \/>\n<em>\/symbole<\/em><\/p>\n<p>Die Symbole werden in einer kurzen \u00dcbersicht aufgelistet.<\/p>\n<p>Um diese Funktion zu nutzen, muss ein privater Chat mit dem Bot ge\u00f6ffnet werden. Dazu sucht man nach @pokewienRaidBot oder klickt direkt auf das Symbol in der Raid Nachricht. Anschlie\u00dfend muss per Klick auf den Button <code>STARTEN<\/code> die Kommunikation aktiviert werden.<\/p>\n<p><strong id=\"monitor\">Benachrichtigungen zu \u00fcberwachten Arenen<\/strong><br \/>\nUm diese Funktion zu nutzen, muss ein privater Chat mit dem Bot ge\u00f6ffnet werden. Dazu sucht man nach @pokewienRaidBot und klickt dann auf den Button <code>STARTEN<\/code>.<br \/>\nSollte man eine Zeit lang die Benachrichtigungen deaktivieren wollen, dann kann man die Kommunikation \u00e4quivalent zu den Gruppeneinstellungen stumm schalten.<br \/>\nGruppenadministratoren k\u00f6nnen diese Funktion auch f\u00fcr ihre Gruppen benutzen.<\/p>\n<p><em>\/monitor<\/em><\/p>\n<p>Man erh\u00e4lt eine Auflistung der gespeicherten Arenen und Bezirke, zu welchen man Benachrichtigungen erhalten m\u00f6chte.<br \/>\nMit einem Klick auf einen Eintrag, wird die Einstellung entfernt.<\/p>\n<p><em>\/monitor Arenanamen und\/oder Bezirke<\/em><br \/>\nBsp: \/monitor 1010,1030,1040<br \/>\nBsp: \/monitor Heldenplatz,Lustige Pinguine<br \/>\nBsp: \/monitor kapelle+1010<br \/>\nBsp: \/monitor ex1010<\/p>\n<p>Die Arenanamen werden in der Datenbank gesucht und bei einem Treffer automatisch vervollst\u00e4ndigt. Sollte es mehrere Treffer geben, kann die Arena ausgew\u00e4hlt werden.<br \/>\nZus\u00e4tzlich kann zum Arenaname ein Bezirk (verkn\u00fcpft mit +) angegeben werden, um die Suche weiter einzuschr\u00e4nken.<br \/>\nVerwendet man das Pr\u00e4fix &#8222;ex&#8220; mit anschlie\u00dfender Postleitzahl, aktiviert man die \u00dcberwachung nur f\u00fcr die EX Arenen des entsprechenden Bezirks.<\/p>\n<p><strong id=\"filter\">Filtereinstellungen f\u00fcr Arenen<\/strong><br \/>\nUm diese Funktion zu nutzen, muss ein privater Chat mit dem Bot ge\u00f6ffnet werden. Dazu sucht man nach @pokewienRaidBot und klickt dann auf den Button <code>STARTEN<\/code>.<br \/>\nGruppenadministratoren k\u00f6nnen diese Funktion auch f\u00fcr ihre Gruppen benutzen.<\/p>\n<p><em>\/filter<\/em><\/p>\n<p>Man erh\u00e4lt eine Auflistung der gespeicherten Raid-Level und Raid-Bosse, die man gefiltert haben m\u00f6chte bzw. den Ausnahmefilter f\u00fcr EX-Arenen.<br \/>\nMit einem Klick auf einen Eintrag, wird die Einstellung entfernt.<\/p>\n<p><em>\/filter Raid-Level und\/oder Raid-Bosse und\/oder EX-Ausnahmefilter(&#8222;ex+&#8220;)<\/em><br \/>\nBsp: \/filter 3,5,mega,megalegend\u00e4r<br \/>\nBsp: \/filter Machomei,Despotar<br \/>\nBsp: \/filter ex+<\/p>\n<p>Die Raid-Bosse werden in der Datenbank gesucht und bei einem Treffer automatisch vervollst\u00e4ndigt. Sollte es mehrere Treffer geben, kann das Pokemon ausgew\u00e4hlt werden.<br \/>\nM\u00f6chte man eine Form des Pokemon hinzuf\u00fcgen (z.B. Alola), dann muss die Basisform verwendet werden.<br \/>\nBei aktiviertem EX-Ausnahmefilter werden bei EX-Arenen alle Raids unabh\u00e4ngig von den anderen eingestellten Filtern gemeldet.<\/p>\n<p>Folgende Raid-Level kann man per Nummer oder Text filtern:<br \/>\n1<br \/>\n2<br \/>\n3<br \/>\n4<br \/>\n5 &#8211; legend\u00e4r<br \/>\n6 &#8211; mega<br \/>\n7 &#8211; megalegend\u00e4r<br \/>\n8 &#8211; ultrabestie<br \/>\n9 &#8211; top<br \/>\n10 &#8211; proto<br \/>\n11 &#8211; 1c<br \/>\n12 &#8211; 2c<br \/>\n13 &#8211; 3c<br \/>\n14 &#8211; 4c<br \/>\n15 &#8211; cryptolegend\u00e4r<\/p>\n<p><strong id=\"info\">Benachrichtigungen bei Zu- und Absagen<br \/>\n<\/strong>Um diese Funktion zu nutzen, muss ein privater Chat mit dem Bot ge\u00f6ffnet werden. Dazu sucht man nach @pokewienRaidBot und klickt dann auf den Button <code>STARTEN<\/code>.<\/p>\n<p><em>\/info ja oder nein<\/em><\/p>\n<p>Nach Aktivierung dieser Funktion erh\u00e4lt man alle paar Minuten Benachrichtigungen \u00fcber vorhandene Zu- und Absagen bei angemeldeten Raids.<\/p>\n<p><strong id=\"liste\">Aktive Raids der Gruppe anzeigen<\/strong><br \/>\n<em>\/liste<\/em><\/p>\n<p>Die Raids werden mit &#8222;TP&#8220; bei Bekanntgabe eines Treffpunkts bzw. mit &#8222;S&#8220; gekennzeichnet, wenn nur eine Schl\u00fcpfzeit eingegeben worden ist.<br \/>\nEs werden nur jene Raids gelistet, die innerhalb der Gruppe erstellt worden sind.<br \/>\nSollte man nach Raids anderer Gruppen suchen wollen, bitte die Suche nach gruppen\u00fcbergreifenden Raids (siehe unten) benutzen.<\/p>\n<p><strong id=\"arenasuche\">Suche nach Arenastandorten<\/strong><br \/>\n<em>\/arena Arenaname<\/em><br \/>\nBsp: \/arena Heldenplatz<\/p>\n<p><em>Arenaname:<\/em> Der Arenaname wird in der Datenbank gesucht und bei einem Treffer automatisch vervollst\u00e4ndigt. Sollte es mehrere Treffer geben, kann die Arena ausgew\u00e4hlt werden. Zus\u00e4tzlich kann zum Arenaname ein Bezirk (verkn\u00fcpft mit +) angegeben werden, um die Suche weiter einzuschr\u00e4nken.<\/p>\n<p><strong id=\"raidsuche\">Suche nach gruppen\u00fcbergreifenden Raids<\/strong><br \/>\n<em>@pokewienRaidBot Arenanamen und\/oder Bezirke bzw. ex<\/em><br \/>\nBsp: @pokewienRaidBot 1010,1030,1040<br \/>\nBsp: @pokewienRaidBot Heldenplatz,Lustige Pinguine<br \/>\nBsp: @pokewienRaidBot ex1010<br \/>\nBsp: @pokewienRaidBot ex<\/p>\n<p>Der Vorteil hiervon ist, dass der Bot auf diese Weise von \u00fcberall aufgerufen werden kann und nach erstmaligem Aufruf kann man ihn nach Eingabe der ersten Buchstaben aus der angezeigten Liste ausw\u00e4hlen.<br \/>\nF\u00fcr die Suche stehen Arenanamen, Bezirke und EX Arenen innerhalb von Bezirken zur Verf\u00fcgung, die mit Komma getrennt zur Mehrfachauswahl angegeben werden k\u00f6nnen.<br \/>\nUm nach EX Arenen innerhalb von Bezirken zu suchen, muss das Pr\u00e4fix &#8222;ex&#8220; mit anschlie\u00dfender Postleitzahl verwendet werden.<br \/>\nAlternativ ist auch <em>ex<\/em> alleine zul\u00e4ssig, um ausschlie\u00dflich nach Raids bei potenziellen EX Arenen innerhalb Wiens zu suchen.<br \/>\nDie Sortierung erfolgt nach den als n\u00e4chstes startenden Raids bzw. wenn die Standortabfrage zugelassen wurde, nach den n\u00e4hesten Raids.<\/p>\n<h3>Raids erstellen\/bearbeiten<\/h3>\n<p><strong id=\"raid\">Raid erstellen<\/strong><br \/>\n<em>\/raid Arenaname,Schl\u00fcpfzeit (&#8217;s&#8216; vorangestellt) bzw. Restzeit (&#8218;r&#8216; vorangestellt) und\/oder Treffpunkt,Boss<\/em><br \/>\nBsp: \/raid Heldenplatz,12:00,Despotar<br \/>\nBsp: \/raid Helden,s12:00,4er Ei<br \/>\nBsp: \/raid Helden+1010,r40,12:10,Despotar<\/p>\n<p><em>Arenaname:<\/em> Der Arenaname wird in der Datenbank gesucht und bei einem Treffer automatisch vervollst\u00e4ndigt. Sollte es mehrere Treffer geben, kann die Arena nach Erstellung ausgew\u00e4hlt werden. Zus\u00e4tzlich kann zum Arenaname ein Bezirk (verkn\u00fcpft mit +) angegeben werden, um die Suche weiter einzuschr\u00e4nken.<\/p>\n<p><em>Schl\u00fcpfzeit\/Restzeit und\/oder Treffpunkt:<\/em> Es k\u00f6nnen anschlie\u00dfend bis zu zwei Zeiten, die zwischen 06:00 &#8211; 21:59 liegen m\u00fcssen, angegeben werden.<br \/>\nDie Schl\u00fcpfzeit wird mit einem vorangestellten Buchstaben &#8217;s&#8216; als solche gekennzeichnet und kann auch in der Vergangenheit liegen, w\u00e4hrend der Treffpunkt eine zuk\u00fcnftige Zeit sein muss.<br \/>\nAu\u00dferdem darf statt der Schl\u00fcpfzeit auch die Restzeit mit einem vorangestellten Buchstaben &#8218;r&#8216; in Minuten (max. 45 Minuten) angegeben werden, wenn das Ei bereits geschl\u00fcpft ist.<\/p>\n<p><em>Boss:<\/em> Der Raid Boss kann frei eingegeben werden.<\/p>\n<p><strong id=\"raidaufruf\">Raid erneut aufrufen<\/strong><br \/>\n<em>\/raid ID<\/em><br \/>\nBsp: \/raid 42<\/p>\n<p><em>ID:<\/em> Die Raid ID findet man in der letzten Zeile, nachdem ein Raid erstellt worden ist.<\/p>\n<p><strong id=\"arena\">Arena nachtr\u00e4glich \u00e4ndern<\/strong><br \/>\n<em>\/arena ID,Arenaname<\/em><br \/>\nBsp: \/arena 42,Heldenplatz<\/p>\n<p><em>ID:<\/em> Die Raid ID findet man in der letzten Zeile, nachdem ein Raid erstellt worden ist.<\/p>\n<p><em>Arenaname:<\/em> Der Arenaname wird in der Datenbank gesucht und bei einem Treffer automatisch vervollst\u00e4ndigt. Sollte es mehrere Treffer geben, kann die Arena ausgew\u00e4hlt werden. Zus\u00e4tzlich kann zum Arenaname ein Bezirk (verkn\u00fcpft mit +) angegeben werden, um die Suche weiter einzuschr\u00e4nken.<\/p>\n<p>Diese \u00c4nderung darf nur der Ersteller des Raids oder ein Mitglied der Gruppe, in der der Raid erstellt wurde, vornehmen.<\/p>\n<p><strong id=\"zeit\">Uhrzeit nachtr\u00e4glich \u00e4ndern<\/strong><br \/>\n<em>\/zeit ID,Schl\u00fcpfzeit (&#8217;s&#8216; vorangestellt) bzw. Restzeit (&#8218;r&#8216; vorangestellt) und\/oder Treffpunkt<\/em><br \/>\nBsp: \/zeit 42,12:00<br \/>\nBsp: \/zeit 42,s12:00<br \/>\nBsp: \/zeit 42,r40,12:00<br \/>\nBsp: \/zeit 42,0<\/p>\n<p><em>ID:<\/em> Die Raid ID findet man in der letzten Zeile, nachdem ein Raid erstellt worden ist.<\/p>\n<p><em>Schl\u00fcpfzeit und\/oder Treffpunkt<\/em> Die Schl\u00fcpfzeit wird mit einem vorangestellten Buchstaben &#8217;s&#8216; als solche gekennzeichnet und kann auch in der Vergangenheit liegen, w\u00e4hrend der Treffpunkt eine zuk\u00fcnftige Zeit sein muss.<br \/>\nDie Uhrzeit muss entweder zwischen 06:00 &#8211; 21:59 liegen oder 0 bzw. s0 sein zum L\u00f6schen (es muss jedoch immer eine der Uhrzeiten vorhanden sein) der entsprechenden Uhrzeit.<br \/>\nAu\u00dferdem darf statt der Schl\u00fcpfzeit auch die Restzeit mit einem vorangestellten Buchstaben &#8218;r&#8216; in Minuten (max. 45 Minuten) angegeben werden, wenn das Ei bereits geschl\u00fcpft ist.<br \/>\nNur bei \u00c4nderung des Treffpunkt werden alle Teilnehmer, die zugesagt haben, in der Antwort des Bots erw\u00e4hnt, um auf die neue Uhrzeit hinzuweisen.<\/p>\n<p>\u00c4nderungen an den Uhrzeiten d\u00fcrfen immer vom Ersteller des Raids oder einem Admin der Gruppe, in der der Raid erstellt wurde, vorgenommen werden.<br \/>\nZus\u00e4tzlich darf ein Mitglied der Gruppe, in der der Raid erstellt wurde, \u00c4nderungen an der Schl\u00fcpfzeit vornehmen, sowie der Treffpunkt von jedem Teilnehmer festgelegt werden, sofern keiner vorhanden ist.<br \/>\nSollte der Ersteller nicht am Raid teilnehmen wollen (z.B. wurde der Raid nur gemeldet), dann ist es alle 2 Minuten m\u00f6glich, dass der Treffpunkt von einem der Teilnehmer bearbeitet wird.<\/p>\n<p><strong id=\"boss\">Raid Boss nachtr\u00e4glich \u00e4ndern<\/strong><br \/>\n<em>\/boss ID,Boss<\/em><br \/>\nBsp: \/boss 42,Despotar<\/p>\n<p><em>ID:<\/em> Die Raid ID findet man in der letzten Zeile, nachdem ein Raid erstellt worden ist.<\/p>\n<p><em>Boss:<\/em> Der Raid Boss kann frei gew\u00e4hlt werden, jedoch werden Pokemon Namen und g\u00e4ngige Ei Bezeichnungen versucht hervorzuheben.<\/p>\n<p>Diese \u00c4nderung darf nur der Ersteller des Raids oder ein Mitglied der Gruppe, in der der Raid erstellt wurde, vornehmen.<\/p>\n<p><strong id=\"abbr\">Raid abbrechen<\/strong><br \/>\n<em>\/abbr ID<\/em><br \/>\nBsp: \/abbr 42<\/p>\n<p><em>ID:<\/em> Die Raid ID findet man in der letzten Zeile, nachdem ein Raid erstellt worden ist.<\/p>\n<p>Anschlie\u00dfend wird der Raid als abgebrochen markiert und es kann daran nicht mehr teilgenommen werden.<br \/>\nDiese \u00c4nderung darf nur der Ersteller des Raids oder ein Admin der Gruppe, in der der Raid erstellt wurde, vornehmen.<\/p>\n<h3>Gruppenadministration<\/h3>\n<p>Diese Funktionen sollen gruppenspezifische Einstellungen erm\u00f6glichen und k\u00f6nnen ausschlie\u00dflich von Gruppenadmins innerhalb der Gruppe verwendet werden.<br \/>\nDer erste Parameter ist immer die zu \u00e4ndernde Einstellung, alle anderen die dazugeh\u00f6rigen Werte.<br \/>\nWird nur die Einstellung ohne die zugeh\u00f6rigen Werte aufgerufen, kann man den aktuellen Wert der Einstellung abrufen.<br \/>\nDer Wert <code>entf<\/code> entfernt die gesetzten Werte der Einstellung.<\/p>\n<p><strong id=\"keintp\">Infotext bei keinem Treffpunkt<\/strong><br \/>\n<em>\/admin<\/em> <code>keintp<\/code><em>,Infotext<\/em><br \/>\nBsp: \/admin keintp,Schl\u00fcpfzeit<br \/>\nBsp: \/admin keintp,entf<br \/>\nBsp: \/admin keintp<\/p>\n<p>Wenn kein dezidierter Treffpunkt bei einem Raid gesetzt worden ist, wird dieser Text als Information angezeigt.<\/p>\n<p><strong id=\"plz\">Gruppengebiet<\/strong><br \/>\n<em>\/admin<\/em> <code>plz<\/code><em>,Postleitzahlen<\/em><br \/>\nBsp: \/admin plz,1010,1020<br \/>\nBsp: \/admin plz,entf<br \/>\nBsp: \/admin plz<\/p>\n<p>Es k\u00f6nnen die Postleitzahlen f\u00fcr das Gruppengebiet festgelegt werden.<\/p>\n<p><strong id=\"raidsentf\">Raids entfernen<\/strong><br \/>\n<em>\/admin<\/em> <code>raidsentf<\/code><em>,ja|nein<\/em><br \/>\nBsp: \/admin raidsentf,ja<br \/>\nBsp: \/admin raidsentf,nein<br \/>\nBsp: \/admin raidsentf<\/p>\n<p>Wenn diese Einstellung aktiv ist, werden regelm\u00e4\u00dfig alle abgelaufenen Raids, an denen kein Spieler teilgenommen hat, aus dem Chat-Verlauf gel\u00f6scht.<br \/>\nDie Standardeinstellung daf\u00fcr ist &#8222;nein&#8220;.<\/p>\n<p><strong id=\"zeigetp\">Treffpunkte vorschlagen<\/strong><br \/>\n<em>\/admin <code>zeigetp<\/code>,ja|nein<\/em><br \/>\nBsp: \/admin zeigetp,ja<br \/>\nBsp: \/admin zeigetp,nein<br \/>\nBsp: \/admin zeigetp<\/p>\n<p>Nach Aktivierung dieser Einstellung wird bei jedem Raid eine 2. Button-Zeile angezeigt, die Treffpunkte vorschl\u00e4gt und mit einem Klick \u00fcbernommen werden k\u00f6nnen.<br \/>\nDie Voraussetzungen f\u00fcr \u00c4nderungen des Treffpunkts sind dieselben wie beim Kommando <em>\/zeit<\/em>.<\/p>\n<h3>Zusatzfunktionen<\/h3>\n<p><strong id=\"exupload\">EX Raid Pass senden<\/strong><br \/>\nFalls du eine Einladung zu einem EX Raid in <strong>Wien<\/strong> erhalten hast, kannst du uns einen Screenshot des Raid Passes zukommen lassen.<br \/>\nDaf\u00fcr einfach die ? B\u00fcroklammer neben der Chat-Zeile dr\u00fccken und die Option <em>Bild oder Video<\/em> w\u00e4hlen.<\/p>\n<p>Wir erfassen die Arena und das genaue Datum, um euch die EX Raid <a href=\"\/exkarte\/\" target=\"_blank\" rel=\"noopener noreferrer\">Karte<\/a> bzw. <a href=\"\/exliste\/\" target=\"_blank\" rel=\"noopener noreferrer\">Liste<\/a> zur Verf\u00fcgung stellen zu k\u00f6nnen.<br \/>\nAu\u00dferdem zeigt der Raid Bot unterschiedliche Symbole an, wenn eine Arena einen EX Raid abgehalten hat.<\/p>\n<h3>Change Log<\/h3>\n<p>23.05.2023 &#8212; Erweiterung des Filters f\u00fcr Ultrabestie, Top, Proto und Crypto Raids<br \/>\n03.05.2022 &#8212; Erweiterung des Filters f\u00fcr Mega Legend\u00e4r Raids<em><br \/>\n20.11.2020<\/em> &#8212; Fern-Raid-Einladungen: Best\u00e4tigungsdialog f\u00fcr Einladungsw\u00fcnsche<br \/>\n<em>27.08.2020<\/em> &#8212; Erweiterung des Filters f\u00fcr Mega Raids<br \/>\n<em>29.07.2020<\/em> &#8212; Fern-Raid-Button: Bei zweimaligem Klick darauf kann man kennzeichnen, dass man um eine Einladung bittet (Abruf des Trainercodes f\u00fcr alle \u00fcber das Symbol)<br \/>\n<em>29.07.2020<\/em> &#8212; Kommando \/trainer zum Speichern von Name und Code<br \/>\n<em>20.07.2020<\/em> &#8212; Kommando \/info f\u00fcr Benachrichtigungen bei Zu- und Absagen<br \/>\n<em>20.07.2020<\/em> &#8212; Erweiterung der Gruppenadministration um die Einstellung <code>zeigetp<\/code><br \/>\n<em>04.05.2020<\/em> &#8212; Ausnahmefilter f\u00fcr EX-Arenen<em><br \/>\n30.04.2020<\/em>\u00a0&#8212; Button f\u00fcr die Zusage zu einem Fern-Raid hinzugef\u00fcgt. Texte wurden aus Platzgr\u00fcnden durch Symbole ersetzt.<br \/>\n<em>12.12.2018<\/em> &#8212; +5 min-Button: Bei zweimaligem Klick darauf kann man sich als unabh\u00e4ngige Gruppe kennzeichnen<em><br \/>\n05.12.2018<\/em> &#8212; Screenshots von EX Raid P\u00e4ssen k\u00f6nnen direkt an den Bot gesendet werden<br \/>\n<em>04.12.2018<\/em> &#8212; Arenasuche: Kommando \/arena gibt den Arenastandort zur\u00fcck, wenn keine ID angegeben worden ist<br \/>\n<em>15.11.2018<\/em> &#8212; Erweiterung der Gruppenadministration um die Einstellung <code>raidsentf<\/code><br \/>\n<em>14.11.2018<\/em> &#8212; Ausbau der m\u00f6glichen Parameter bei der gruppen\u00fcbergreifenden Suche<br \/>\n<em>02.11.2018<\/em> &#8212; Ersetzung der Einstellung <code>raids<\/code> durch das Kommando \/filter und Erweiterung von \/monitor um EX Arenen in Bezirken<br \/>\n<em>30.10.2018<\/em> &#8212; Erweiterung der Gruppenadministration um die Einstellungen <code>plz<\/code> und <code>raids<\/code><br \/>\n<em>12.10.2018<\/em> &#8212; Einf\u00fchrung der Gruppenadministration und der ersten Einstellung <code>keintp<\/code><br \/>\n<em>09.10.2018<\/em> &#8212; Das bisherige Kommando \/spieler wird durch \/daten zum besseren Verst\u00e4ndnis ersetzt<br \/>\n<em>09.10.2018<\/em> &#8212; Symbole sind anklickbar und zeigen eine Legende im privaten Chat mit dem Raid Bot<br \/>\n<em>28.09.2018<\/em> &#8212; Vor dem Arenanamen k\u00f6nnen weitere Symbole zur Information \u00fcber Zugangsbeschr\u00e4nkungen angezeigt werden<br \/>\n<em>27.09.2018<\/em> &#8212; Alle Nachrichten, die \u00c4nderungen am Raid best\u00e4tigen, enthalten zus\u00e4tzlich einen Link auf die letzte vollst\u00e4ndige Raid-Nachricht, sofern die Gruppe \u00f6ffentlich ist<br \/>\n<em>17.09.2018<\/em> &#8212; Informationen zu Kommandos zwecks besserer \u00dcbersicht innerhalb von Gruppen reduziert<br \/>\n<em>08.08.2018<\/em> &#8212; Statt der Schl\u00fcpfzeit kann auch die Restzeit mit einem vorangestellten Buchstaben &#8218;r&#8216; in Minuten (max. 45 Minuten) angegeben werden, wenn das Ei bereits geschl\u00fcpft ist<br \/>\n<em>08.08.2018<\/em> &#8212; Zus\u00e4tzlich kann zum Arenaname ein Bezirk (verkn\u00fcpft mit +) angegeben werden, um die Suche weiter einzuschr\u00e4nken<br \/>\n<em>19.07.2018<\/em> &#8212; Treffpunkt festlegen kann jetzt von jedem Teilnehmer durchgef\u00fchrt werden, sofern keiner vorhanden ist<br \/>\n<em>06.07.2018<\/em> &#8212; Anzeige der Raid ID in der Suche nach gruppen\u00fcbergreifenden Raids<br \/>\n<em>05.07.2018<\/em> &#8212; Wenn an derselben Arena mehrere Raids angelegt worden sind, werden diese unter &#8222;Alternative Treffpunkte&#8220; angezeigt<br \/>\n<em>14.06.2018<\/em> &#8212; \u00c4nderungen an der Schl\u00fcpfzeit d\u00fcrfen alle Mitglieder der Gruppe durchf\u00fchren<br \/>\n<em>11.06.2018<\/em> &#8212; Markierung des Erstellers in der Liste; \u00c4nderungen an der Arena d\u00fcrfen alle Mitglieder der Gruppe durchf\u00fchren<br \/>\n<em>04.06.2018<\/em> &#8212; Erweiterung des Kommandos \/zeit zur gleichzeitigen \u00c4nderung beider Uhrzeiten und zum Entfernen einzelner Zeiten.<\/p>\n","protected":false},"excerpt":{"rendered":"<p>Telegram Raid Bot Es k\u00f6nnen Raids einfach organisiert und abgerufen werden inklusive der Standorte aller Arenen in Wien. Link zum Bot Inhalt Raidsymbole Allgemeine Kommandos Spielerdaten speichern Spielerdaten entfernen Name und Code speichern Informationen zu Kommandos Informationen zu den Symbolen Benachrichtigungen zu \u00fcberwachten Arenen Filtereinstellungen f\u00fcr Arenen Aktive Raids der Gruppe anzeigen Benachrichtigungen bei Zu- &hellip; <\/p>\n<p class=\"link-more\"><a href=\"https:\/\/www.pokewien.info\/?page_id=310\" class=\"more-link\"><span class=\"screen-reader-text\">\u201eTelegram Raid Bot\u201c <\/span>weiterlesen<\/a><\/p>\n","protected":false},"author":1,"featured_media":0,"parent":0,"menu_order":0,"comment_status":"closed","ping_status":"closed","template":"","meta":{"footnotes":""},"class_list":["post-310","page","type-page","status-publish","hentry"],"_links":{"self":[{"href":"https:\/\/www.pokewien.info\/index.php?rest_route=\/wp\/v2\/pages\/310","targetHints":{"allow":["GET"]}}],"collection":[{"href":"https:\/\/www.pokewien.info\/index.php?rest_route=\/wp\/v2\/pages"}],"about":[{"href":"https:\/\/www.pokewien.info\/index.php?rest_route=\/wp\/v2\/types\/page"}],"author":[{"embeddable":true,"href":"https:\/\/www.pokewien.info\/index.php?rest_route=\/wp\/v2\/users\/1"}],"replies":[{"embeddable":true,"href":"https:\/\/www.pokewien.info\/index.php?rest_route=%2Fwp%2Fv2%2Fcomments&post=310"}],"version-history":[{"count":124,"href":"https:\/\/www.pokewien.info\/index.php?rest_route=\/wp\/v2\/pages\/310\/revisions"}],"predecessor-version":[{"id":928,"href":"https:\/\/www.pokewien.info\/index.php?rest_route=\/wp\/v2\/pages\/310\/revisions\/928"}],"wp:attachment":[{"href":"https:\/\/www.pokewien.info\/index.php?rest_route=%2Fwp%2Fv2%2Fmedia&parent=310"}],"curies":[{"name":"wp","href":"https:\/\/api.w.org\/{rel}","templated":true}]}}