{"id":558,"date":"2019-01-13T17:35:58","date_gmt":"2019-01-13T16:35:58","guid":{"rendered":"https:\/\/www.pokewien.info\/?page_id=558"},"modified":"2020-11-22T13:07:41","modified_gmt":"2020-11-22T12:07:41","slug":"silph-arena","status":"publish","type":"page","link":"https:\/\/www.pokewien.info\/?page_id=558","title":{"rendered":"Silph Arena Wien"},"content":{"rendered":"\n<div class=\"wp-block-image\"><figure class=\"aligncenter is-resized\"><img loading=\"lazy\" decoding=\"async\" src=\"https:\/\/i.imgur.com\/hehYOrO.jpg\" alt=\"\" width=\"164\" height=\"175\" \/><\/figure><\/div>\n\n\n\n<h2 class=\"has-text-align-left wp-block-heading\"><strong>Willkommen in der Arena!<\/strong><\/h2>\n\n\n\n<p class=\"has-text-align-left\">Suchst du die ultimative Herausforderung?<br>Willst du ganz einfach nur einmal dem Pokemon Fangen, oder Raid-Alltag entkommen?<br>Dann bist du hier genau richtig!<\/p>\n\n\n\n<h2 class=\"wp-block-heading\"><strong>Season 2 &#8211; Continental Champions<\/strong><\/h2>\n\n\n\n<p>Wir freuen uns ganz besonders, dass MephisfloAMD &#8211; ein Stammspieler der ersten Stunde &#8211; sich im internationalen Vergleich durchgek\u00e4mpft hat und in der 2. Season den Titel des European Champions aka Europameister erlangt hat.<br>Herzliche Gratulation! <br>Wer weitere Informationen bez\u00fcglich der Champions sucht, findet diese in der <a rel=\"noreferrer noopener\" href=\"https:\/\/silph.gg\/hall-of-champions\" target=\"_blank\">Hall of Fame<\/a>.<\/p>\n\n\n\n<div class=\"wp-block-image\"><figure class=\"aligncenter size-large\"><img decoding=\"async\" src=\"https:\/\/silph.gg\/img\/badges\/s2-continentals.png\" alt=\"\" \/><\/figure><\/div>\n\n\n\n<h2 class=\"has-text-align-left wp-block-heading\"><strong>Arena, Silph League, H\u00e4? Was ist das alles?<\/strong><\/h2>\n\n\n\n<p><em>The Silph League Arena<\/em>, oder kurz oft auch nur <em>The Silph Arena<\/em> <em>(TSA)<\/em> ist eine Community basierte Gruppe von Leuten, die ein weltweites Rangsystem mit zugeh\u00f6riger webbasierter Software entworfen haben. Dies beginnt bei lokalen Turnieren in deiner Umgebung, die nach gewissen Regeln abgehalten werden und endet mit den Weltmeisterschaften, die bei den Pokemon GO Festen abgehalten werden.<br><br>Falls ihr euch jemals gefragt habt, woher die Shiny-Chance Absch\u00e4tzungen, die detaillierten Informationen zu Raidbelohnungen, Eier-Ausbr\u00fct-Wahrscheinlichkeiten und vieles mehr kommen, ist das die Antwort: Dies wird von Freiwilligen von <em>The Silph Road <\/em>erledigt. <em>The Silph Arena<\/em> ist von denselben Leuten gegr\u00fcndet worden, was bedeutet hierin steckt eine Menge Motivation und Freude an Pokemon GO. Entsprechend einfach sind die Tools von der <a rel=\"noreferrer noopener\" aria-label=\" (\u00f6ffnet in neuem Tab)\" href=\"https:\/\/silph.gg\/\" target=\"_blank\">offiziellen Website<\/a> aufgebaut, sobald man einmal reingeschnuppert hat.<br><br>Falls du zum ersten Mal von TSA, oder PvP geh\u00f6rt hast, findest du weiter unten jede Menge an Informationen, die den Einstieg erleichtern! Gerne kannst du auch in unseren <a rel=\"noreferrer noopener\" aria-label=\" (\u00f6ffnet in neuem Tab)\" href=\"https:\/\/t.me\/SilphArenaVienna\" target=\"_blank\">Telegram Channel<\/a> vorbeischauen, wo allerlei News und Informationen verbreitet werden.<\/p>\n\n\n\n<h2 class=\"wp-block-heading\"><strong>Die wichtigsten Links im \u00dcberblick:<\/strong><\/h2>\n\n\n\n<h4 class=\"has-vivid-red-color has-text-color wp-block-heading\">Niantic hat das n\u00f6tige Freundschaftslevel f\u00fcr K\u00e4mpfe aus der Entfernung auf 1 Herz (guter  Freund) gesenkt. Dadurch k\u00f6nnen wir in n\u00e4chster Zeit Turniere anbieten,  bei denen jeder von zu Hause aus  mitspielen kann (Remote Turniere). Das ist eine tolle Gelegenheit sich  entspannt von zu Hause aus die Turniere anzusehen, ohne langwierig  Freundschaften leveln zu m\u00fcssen!  <\/h4>\n\n\n\n<h4 class=\"wp-block-heading\"><a rel=\"noreferrer noopener\" href=\"https:\/\/silph.gg\/t\/d6cd\/\" target=\"_blank\">N\u00e4chster Cup<\/a><\/h4>\n\n\n\n<p>Die Informationen zum aktuellen bzw. n\u00e4chsten Cup findet ihr immer am <a rel=\"noreferrer noopener\" href=\"http:\/\/discord.gg\/xcfJYFA\" target=\"_blank\">Discord Server<\/a> im Channel: <strong>#Termine<\/strong><\/p>\n\n\n\n<p><\/p>\n\n\n\n<h4 class=\"wp-block-heading\"><strong>Unsere Kan\u00e4le<\/strong>:<\/h4>\n\n\n\n<p><a rel=\"noreferrer noopener\" href=\"https:\/\/t.me\/SilphArenaVienna\" target=\"_blank\">Telegram Gruppe<\/a> f\u00fcr Ank\u00fcndigungen (Diese wird vor allem zur Informationsverbreitung \u00fcber neue Cups und \u00c4hnliches verwendet.)<br><br><a href=\"https:\/\/t.me\/pvpviennaremote\">Telegram Gruppe<\/a> zur Koordination von Remote K\u00e4mpfe.<br><br><a rel=\"noreferrer noopener\" href=\"http:\/\/discord.gg\/xcfJYFA\" target=\"_blank\">Discord Server<\/a> (Hier findet ihr allerlei Informationen, Ressourcen, k\u00f6nnt mit anderen PvP-Interessierten chatten und vor allem an Remote Turnieren teilnehmen. Bevor ihr an einem Remote Turnier teilnehmt, ist jedoch ein Besuch bei einem lokalen &#8222;offline&#8220; Turnier empfohlen.)<\/p>\n\n\n\n<h4 class=\"wp-block-heading\">Ressourcen &amp; sonstige Links: <\/h4>\n\n\n\n<ul class=\"wp-block-list\"><li><a rel=\"noreferrer noopener\" aria-label=\"Reddit-TSA (\u00f6ffnet in neuem Tab)\" href=\"https:\/\/www.reddit.com\/r\/TheSilphArena\/\" target=\"_blank\">Reddit-TSA<\/a><\/li><li><a rel=\"noreferrer noopener\" href=\"https:\/\/pvpoke.com\/\" target=\"_blank\">PvP-Simulator<\/a><\/li><li><a rel=\"noreferrer noopener\" href=\"https:\/\/gostadium.club\/pvp\/iv\" target=\"_blank\">PvP-IV-Checker<\/a><\/li><li><a rel=\"noreferrer noopener\" aria-label=\"\u00d6sterreich-Leaderboard (\u00f6ffnet in neuem Tab)\" href=\"https:\/\/silph.gg\/leaderboard\/national\/AT\" target=\"_blank\">\u00d6sterreich-Leaderboard<\/a><\/li><li><a rel=\"noreferrer noopener\" href=\"https:\/\/silph.gg\/getting-started-pokemon-go-pvp\" target=\"_blank\">Getting started in PVP<\/a><\/li><li><a href=\"https:\/\/silph.gg\/how-to-build-your-pvp-team\" target=\"_blank\" rel=\"noreferrer noopener\" aria-label=\"How-To-Team-Building (\u00f6ffnet in neuem Tab)\">How-To-Team-Building<\/a><\/li><\/ul>\n\n\n\n<h4 class=\"wp-block-heading\">Du willst der beste sein, hast aber noch nie bei einem Turnier mitgemacht? <br><br>Kein Problem!<\/h4>\n\n\n\n<p>In den folgenden Abs\u00e4tzen findest du alle wichtigen Informationen.<br>Wer die englische Sprache nicht scheut, findet auf der <a rel=\"noreferrer noopener\" aria-label=\"offiziellen silph Seite  (\u00f6ffnet in neuem Tab)\" href=\"https:\/\/silph.gg\/getting-started-pokemon-go-pvp\" target=\"_blank\">offiziellen Silph Seite <\/a>eine Menge an n\u00fctzlichen Informationen.<\/p>\n\n\n\n<h2 class=\"wp-block-heading\"> <strong>Was ist ein Cup?<\/strong> <\/h2>\n\n\n\n<p>Monatlich veranstaltet <em>The Silph Arena <\/em>einen Cup &#8211; ein themenorientiertes PvP-Turnier -, welches Zehntausenden von Trainern auf der ganzen Welt eine spezielle Herausforderung bietet. Au\u00dferdem k\u00f6nnt ihr in diesem einmonatigen Cup unter Beweis stellen, wer wirklich der Allerbeste ist. <em>The Silph Arena <\/em>ist das weltweit gr\u00f6\u00dfte Netzwerk f\u00fcr Pok\u00e9mon GO<sup>TM<\/sup>&nbsp;Turniere und erm\u00f6glicht das Messen mit Trainern aus aller Welt. <br><br>W\u00e4hrend des jeweiligen Monats halten lokale Silph League&nbsp;Community Administratoren mithilfe der Silph.gg Werkzeuge ein spezielles Turnier ab und zeichnen dessen Ergebnisse auf. Siege und Niederlagen in diesen lokalen Turnieren haben Einfluss auf Deinen Spielerrang in lokalen und globalen Ranglisten. Die besten der lokalen Communities erhalten eine Einladung, um an Regionalmeisterschaften teilzunehmen. Gewinner dieser, haben die Chance sich bei der Weltmeisterschaft (finden bei den GO-Festen statt) mit den besten Trainern zu messen!<\/p>\n\n\n\n<h2 class=\"wp-block-heading\"> <strong>Die Regeln<\/strong><\/h2>\n\n\n\n<p>Jeder monatliche Cup enth\u00e4lt eigene Sonderregeln (die zus\u00e4tzliche Herausforderung und Spa\u00df bereiten), welche sich vom Standard-PvP-Kampf in Pokemon GO unterscheiden. Dies k\u00f6nnen entweder eine begrenzte erlaubte Anzahl an Pokemon Typen sein, oder eine nach anderen Kriterien ausgew\u00e4hlte Menge an Pokemon die erlaubt sind. Dies f\u00fchrt dazu, dass in jedem monatlichen Cup andere Pokemon dominieren und neue Strategien entstehen!<br><br>Die allgemeinen Turnierregeln findet ihr <a rel=\"noreferrer noopener\" aria-label=\"hier (\u00f6ffnet in neuem Tab)\" href=\"https:\/\/silph.gg\/rules\" target=\"_blank\">hier<\/a>.<br>Die wichtigsten Startpunkte sind:<\/p>\n\n\n\n<ul class=\"wp-block-list\"><li>Die Teilnehmer ben\u00f6tigen ein Team von 6 Pokemon (und m\u00fcssen diese vor Turnierbeginn eintragen). Alle sp\u00e4ter zum K\u00e4mpfen ben\u00f6tigten Pokemon d\u00fcrfen nur aus diesen 6 ausgew\u00e4hlt werden. Der Einsatz von TMs nach Turnierstart ist verboten.<\/li><li>Spiele werden in der Superliga gespielt: Nur Pokemon unter 1500 WP sind im Cup erlaubt. <\/li><li>In einem 6er-Team ist nur ein Exemplar von jeder Pokemon-Art erlaubt. (Keine doppelten Arten! Alola und Kanto Version z\u00e4hlen als zwei unterschiedliche Varianten.)<\/li><\/ul>\n\n\n\n<h2 class=\"wp-block-heading\"> <strong>Wie stelle ich ein passendes Team zusammen?<\/strong> <\/h2>\n\n\n\n<p>Grunds\u00e4tzlich ist immer wichtig, dass in einem Team die gegenseitigen Schw\u00e4chen abgedeckt sind. Die konkreten Pokemon \u00e4ndern sich nat\u00fcrlich von Cup zu Cup. F\u00fcr mehr Informationen zu einem bestimmten Cup, fragt entweder in unserem Discord Channel nach, oder lest auf Reddit nach (Englisch).<\/p>\n\n\n\n<h2 class=\"wp-block-heading\"> <strong>Wie kann ich daran teilnehmen?<\/strong> <\/h2>\n\n\n\n<p>Um teilzunehmen, wird ein &#8222;Silph  League&#8220; Account ben\u00f6tigt, welcher kostenlos erstellt werden kann bzw. entweder \u00fcber einen Reddit, oder einen Google Account gemanaged wird.<br>Eine Anleitung zur Turnieranmeldung findet ihr <a rel=\"noreferrer noopener\" aria-label=\"hier (\u00f6ffnet in neuem Tab)\" href=\"https:\/\/docs.google.com\/document\/d\/1s67_uBR0ctqvcUJV42zYTUBHyeRixge0CfuMozbfKY4\/edit?usp=sharing\" target=\"_blank\">hier<\/a>!<\/p>\n\n\n\n<h2 class=\"wp-block-heading\"> <strong>Noch was?<\/strong> <\/h2>\n\n\n\n<p>JA!<br>Neue Leute sind immer willkommen. Lasst euch nicht von der etwas steilen Lernkurve zu Beginn abschrecken. Wenn ihr einen kurzen Crashkurs haben wollt, besucht am besten ein Turnier, wo wir euch alles Wichtige vor Ort erkl\u00e4ren k\u00f6nnen. Der Gro\u00dfteil an Ressourcen im Internet ist zwar in englischer Sprache, ihr kommt jedoch auch \u00fcber unseren Discord Channel an gen\u00fcgend Informationen!<br><br>Zu guter Letzt, das Wichtigste ist immer der Spa\u00df am Spiel!<\/p>\n\n\n\n<p class=\"has-medium-font-size\">Wir freuen uns auf deine Teilnahme!<\/p>\n\n\n\n<h2 class=\"wp-block-heading\"><strong>Bisherige Cups und Ergebnisse<\/strong><\/h2>\n\n\n\n<p><strong>Season 3:<\/strong><br><a rel=\"noreferrer noopener\" href=\"https:\/\/silph.gg\/t\/yrjz\/results\" target=\"_blank\">Oktober 2020 &#8211; Marsh Cup<\/a> &#8211; Gewinner: MephisfloAMD<br><a rel=\"noreferrer noopener\" href=\"https:\/\/silph.gg\/t\/s4ja\/results\" target=\"_blank\">September 2020 &#8211; Sunrise Cup<\/a> &#8211; Gewinner: MephisfloAMD<\/p>\n\n\n\n<p><strong>Post-Season 2:<\/strong><br><a rel=\"noreferrer noopener\" href=\"https:\/\/silph.gg\/t\/u6hf\/results\" target=\"_blank\">August 2020 &#8211; Ferocious Revival Cup<\/a> &#8211; Gewinner: MephisfloAMD<br><a rel=\"noreferrer noopener\" href=\"https:\/\/silph.gg\/t\/tmtn\/results\" target=\"_blank\">August 2020 &#8211; Sinister Revival Cup<\/a> -Gewinner: MephisfloAMD<\/p>\n\n\n\n<p><strong>Season 2:<\/strong><br><a rel=\"noreferrer noopener\" href=\"https:\/\/silph.gg\/t\/8872\/results\" target=\"_blank\">Juli 2020 &#8211; Catacomb Cup<\/a> &#8211; Gewinner: HansiGlumAMD<br><a rel=\"noreferrer noopener\" href=\"https:\/\/silph.gg\/t\/qkub\/results\" target=\"_blank\">Juni 2020 &#8211; Sorcerous Cup<\/a> &#8211; Gewinner: MephisfloAMD<br><a rel=\"noreferrer noopener\" href=\"https:\/\/silph.gg\/t\/d6cd\/results\" target=\"_blank\">Mai 2020 &#8211; Forest Cup <\/a>&#8211; Gewinner: HansiGlumAMD<br><a rel=\"noreferrer noopener\" href=\"https:\/\/silph.gg\/tournaments\/results\/b25r\" target=\"_blank\">April 2020 &#8211; Voyager Cup <\/a>&#8211; Gewinner: MephisfloAMD<br><a rel=\"noreferrer noopener\" aria-label=\"M\u00e4rz 2020 - Toxic Cup (\u00f6ffnet in neuem Tab)\" href=\"https:\/\/silph.gg\/tournaments\/results\/28he\" target=\"_blank\">M\u00e4rz 2020 &#8211; Toxic Cup<\/a> &#8211; Gewinner: Zaiku04<br><a rel=\"noreferrer noopener\" aria-label=\"M\u00e4rz 2020 - Open Great League Cup (\u00f6ffnet in neuem Tab)\" href=\"https:\/\/silph.gg\/tournaments\/results\/u7z8\" target=\"_blank\">M\u00e4rz 2020 &#8211; Open Great League Cup<\/a> &#8211; Gewinner: (5-way-tie mit Ifeelsofresh, MephisfloAMD, Zaiku04, HansiGlumAMD, MNobody25)<br><a rel=\"noreferrer noopener\" aria-label=\"Februar 2020 - Rose Cup (\u00f6ffnet in neuem Tab)\" href=\"https:\/\/silph.gg\/tournaments\/results\/pgc3\" target=\"_blank\">Februar 2020 &#8211; Rose Cup<\/a>  &#8211;  Gewinner: MephisfloAMD<br><a rel=\"noreferrer noopener\" aria-label=\"J\u00e4nner 2020 - Fusion Cup (\u00f6ffnet in neuem Tab)\" href=\"https:\/\/silph.gg\/tournaments\/results\/xsm8\" target=\"_blank\">J\u00e4nner 2020 &#8211; Fusion Cup<\/a>  &#8211;  Gewinner: Zaiku04<br><a rel=\"noreferrer noopener\" aria-label=\" (\u00f6ffnet in neuem Tab)\" href=\"https:\/\/silph.gg\/tournaments\/results\/68wn\" target=\"_blank\">Dezember 2019 &#8211;  Timeless Cup<\/a>   &#8211;  Gewinner: Zaiku04<br><a rel=\"noreferrer noopener\" aria-label=\" (\u00f6ffnet in neuem Tab)\" href=\"https:\/\/silph.gg\/tournaments\/results\/jyw6\" target=\"_blank\">November 2019 &#8211;  Ferocious Cup<\/a>   &#8211;  Gewinner: MephisfloAMD<br><a rel=\"noreferrer noopener\" aria-label=\" (\u00f6ffnet in neuem Tab)\" href=\"https:\/\/silph.gg\/tournaments\/results\/z9qu\" target=\"_blank\">Oktober 2019 &#8211; Sinister Cup<\/a>  &#8211;  Gewinner: MephisfloAMD <\/p>\n\n\n\n<p><strong>Post-Season 1:<\/strong><br><a rel=\"noreferrer noopener\" aria-label=\" (\u00f6ffnet in neuem Tab)\" href=\"https:\/\/silph.gg\/tournaments\/results\/zpjs\" target=\"_blank\">September 2019 &#8211; Worlds (Lehrlinge)<\/a>  &#8211;  Gewinner: blakkrussian, overall: RapDellRR<br><a rel=\"noreferrer noopener\" aria-label=\" (\u00f6ffnet in neuem Tab)\" href=\"https:\/\/silph.gg\/tournaments\/results\/bg2n\" target=\"_blank\">September 2019 &#8211; Worlds (Mentoren<\/a>)  &#8211;  Gewinner: MephisfloAMD  <br><a rel=\"noreferrer noopener\" aria-label=\" (\u00f6ffnet in neuem Tab)\" href=\"https:\/\/silph.gg\/tournaments\/results\/74r8\" target=\"_blank\">September 2019 &#8211; Cliffhanger Cup<\/a>  &#8211;  Gewinner: Hareluyaboyz  <\/p>\n\n\n\n<p><strong>Season 1:<\/strong><br><a rel=\"noreferrer noopener\" aria-label=\" (\u00f6ffnet in neuem Tab)\" href=\"https:\/\/silph.gg\/tournaments\/results\/sgxq\" target=\"_blank\">August 2019 &#8211; Mirror Cup (Regionals)<\/a>  &#8211;  Gewinner: Hareluyaboyz <br><a rel=\"noreferrer noopener\" aria-label=\" (\u00f6ffnet in neuem Tab)\" href=\"https:\/\/silph.gg\/tournaments\/results\/wpd7\" target=\"_blank\">August 2019 &#8211; Mirror Cup (Twilight)<\/a>  &#8211;  Gewinner: MephisfloAMD (5-way-tie mit Hareluyaboyz, HansiGlumAMD, andresklu, Zaiku04)<br><a rel=\"noreferrer noopener\" aria-label=\" (\u00f6ffnet in neuem Tab)\" href=\"https:\/\/silph.gg\/tournaments\/results\/5mfc\" target=\"_blank\">Juli 2019 &#8211; Freestyle Cup<\/a>  &#8211;  Gewinner: Zaiku04<br><a rel=\"noreferrer noopener\" aria-label=\" (\u00f6ffnet in neuem Tab)\" href=\"https:\/\/silph.gg\/tournaments\/results\/gvzk\" target=\"_blank\">Juli 2019 &#8211; Jungle Cup<\/a>  &#8211;  Gewinner: Scarjo<br><a rel=\"noreferrer noopener\" aria-label=\" (\u00f6ffnet in neuem Tab)\" href=\"https:\/\/silph.gg\/t\/b4j3\/championship-cup-turnier-wien\" target=\"_blank\">Juni 2019 &#8211; Championship Cup<\/a>  &#8211;  Cancelled (zu wenig Teilnehmer)<br><a rel=\"noreferrer noopener\" aria-label=\" (\u00f6ffnet in neuem Tab)\" href=\"https:\/\/silph.gg\/tournaments\/results\/ymhv\" target=\"_blank\">Juni 2019 &#8211; Rainbow Cup<\/a>  &#8211;  Gewinner: Zaiku04<br><a rel=\"noreferrer noopener\" aria-label=\" (\u00f6ffnet in neuem Tab)\" href=\"https:\/\/silph.gg\/tournaments\/results\/fzt8\" target=\"_blank\">Mai 2019 &#8211; Nightmare Cup<\/a> &#8211;  Gewinner: DDumbledoreAMD<br><a rel=\"noreferrer noopener\" aria-label=\" (\u00f6ffnet in neuem Tab)\" href=\"https:\/\/silph.gg\/tournaments\/results\/h24r\" target=\"_blank\">Mai 2019 &#8211; Regional Invitational Cup<\/a>  &#8211; Gewinner: MephisfloAMD (4-way-tie mit ouricoman, tius2530, nikospenguin)<br><a rel=\"noreferrer noopener\" aria-label=\" (\u00f6ffnet in neuem Tab)\" href=\"https:\/\/silph.gg\/tournaments\/results\/xpa8\" target=\"_blank\">April 2019 &#8211; Kingdom Cup<\/a>  &#8211; Gewinner: Waterground (4-way-tie mit andresklu, Scarjo, HansiGlumAMD)<br><a rel=\"noreferrer noopener\" aria-label=\" (\u00f6ffnet in neuem Tab)\" href=\"https:\/\/silph.gg\/tournaments\/results\/m8r3\" target=\"_blank\">M\u00e4rz 2019 &#8211; Tempest Cup<\/a>  &#8211; Gewinner: MephisfloAMD <br><a rel=\"noreferrer noopener\" aria-label=\" (\u00f6ffnet in neuem Tab)\" href=\"https:\/\/silph.gg\/tournaments\/results\/j62q\" target=\"_blank\">Februar 2019 &#8211; Twilight Cup<\/a>  &#8211; Gewinner: MephisfloAMD <br><a rel=\"noreferrer noopener\" aria-label=\" (\u00f6ffnet in neuem Tab)\" href=\"https:\/\/silph.gg\/tournaments\/results\/fa6q\" target=\"_blank\">J\u00e4nner 2019 &#8211; Boulder Cup<\/a> &#8211; Gewinner: MephisfloAMD<\/p>\n","protected":false},"excerpt":{"rendered":"<p>Willkommen in der Arena! Suchst du die ultimative Herausforderung?Willst du ganz einfach nur einmal dem Pokemon Fangen, oder Raid-Alltag entkommen?Dann bist du hier genau richtig! Season 2 &#8211; Continental Champions Wir freuen uns ganz besonders, dass MephisfloAMD &#8211; ein Stammspieler der ersten Stunde &#8211; sich im internationalen Vergleich durchgek\u00e4mpft hat und in der 2. Season &hellip; <\/p>\n<p class=\"link-more\"><a href=\"https:\/\/www.pokewien.info\/?page_id=558\" class=\"more-link\"><span class=\"screen-reader-text\">\u201eSilph Arena Wien\u201c <\/span>weiterlesen<\/a><\/p>\n","protected":false},"author":2,"featured_media":0,"parent":0,"menu_order":0,"comment_status":"closed","ping_status":"closed","template":"","meta":{"footnotes":""},"class_list":["post-558","page","type-page","status-publish","hentry"],"_links":{"self":[{"href":"https:\/\/www.pokewien.info\/index.php?rest_route=\/wp\/v2\/pages\/558","targetHints":{"allow":["GET"]}}],"collection":[{"href":"https:\/\/www.pokewien.info\/index.php?rest_route=\/wp\/v2\/pages"}],"about":[{"href":"https:\/\/www.pokewien.info\/index.php?rest_route=\/wp\/v2\/types\/page"}],"author":[{"embeddable":true,"href":"https:\/\/www.pokewien.info\/index.php?rest_route=\/wp\/v2\/users\/2"}],"replies":[{"embeddable":true,"href":"https:\/\/www.pokewien.info\/index.php?rest_route=%2Fwp%2Fv2%2Fcomments&post=558"}],"version-history":[{"count":49,"href":"https:\/\/www.pokewien.info\/index.php?rest_route=\/wp\/v2\/pages\/558\/revisions"}],"predecessor-version":[{"id":780,"href":"https:\/\/www.pokewien.info\/index.php?rest_route=\/wp\/v2\/pages\/558\/revisions\/780"}],"wp:attachment":[{"href":"https:\/\/www.pokewien.info\/index.php?rest_route=%2Fwp%2Fv2%2Fmedia&parent=558"}],"curies":[{"name":"wp","href":"https:\/\/api.w.org\/{rel}","templated":true}]}}