{"id":716,"date":"2020-03-25T14:24:18","date_gmt":"2020-03-25T13:24:18","guid":{"rendered":"https:\/\/www.pokewien.info\/?page_id=716"},"modified":"2020-03-27T15:04:31","modified_gmt":"2020-03-27T14:04:31","slug":"www-pogocup-com","status":"publish","type":"page","link":"https:\/\/www.pokewien.info\/?page_id=716","title":{"rendered":"www.PoGoCup.com"},"content":{"rendered":"\n<h1 class=\"wp-block-heading\"><a href=\"http:\/\/www.PoGoCup.com\" target=\"_blank\" rel=\"noreferrer noopener\" aria-label=\"www.PoGoCup.com (\u00f6ffnet in neuem Tab)\">www.PoGoCup.com<\/a><\/h1>\n\n\n\n<p>Der neue Pokemon Go Turnier Manager ist online! Mit dem Pokemon Spielernamen anmelden und dann selbst Turniere starten oder mit einem Turniercode beitreten und los geht&#8217;s.<\/p>\n\n\n\n<p>F\u00fcr jedes Spiel bei einem Turnier wird ein neuer WP H\u00f6chstwert gelost. Es d\u00fcrfen f\u00fcr diesen Kampf dann nur Pokemon kleiner, oder gleich diesem WP-Wert verwendet werden. Dadurch ist das Spiel f\u00fcr alle Teilnehmer ausgeglichen und jeder kann der Allerbeste sein.<\/p>\n\n\n\n<p>Support gibt es in dieser <a href=\"https:\/\/chat.whatsapp.com\/EHDgw8n7ulaJq60rolEwtS\">Whats App Gruppe<\/a>.<\/p>\n\n\n\n<p><strong>Aufgrund der aktuellen Situation hat Niantic es erm\u00f6glicht ab dem ersten Freundschaftslevel (eine Interaktion) gegeneinander spielen zu k\u00f6nnen (aktuell bis Ende April).<\/strong><\/p>\n\n\n\n<p><\/p>\n","protected":false},"excerpt":{"rendered":"<p>www.PoGoCup.com Der neue Pokemon Go Turnier Manager ist online! Mit dem Pokemon Spielernamen anmelden und dann selbst Turniere starten oder mit einem Turniercode beitreten und los geht&#8217;s. F\u00fcr jedes Spiel bei einem Turnier wird ein neuer WP H\u00f6chstwert gelost. Es d\u00fcrfen f\u00fcr diesen Kampf dann nur Pokemon kleiner, oder gleich diesem WP-Wert verwendet werden. Dadurch &hellip; <\/p>\n<p class=\"link-more\"><a href=\"https:\/\/www.pokewien.info\/?page_id=716\" class=\"more-link\"><span class=\"screen-reader-text\">\u201ewww.PoGoCup.com\u201c <\/span>weiterlesen<\/a><\/p>\n","protected":false},"author":2,"featured_media":0,"parent":0,"menu_order":0,"comment_status":"closed","ping_status":"closed","template":"","meta":{"footnotes":""},"class_list":["post-716","page","type-page","status-publish","hentry"],"_links":{"self":[{"href":"https:\/\/www.pokewien.info\/index.php?rest_route=\/wp\/v2\/pages\/716","targetHints":{"allow":["GET"]}}],"collection":[{"href":"https:\/\/www.pokewien.info\/index.php?rest_route=\/wp\/v2\/pages"}],"about":[{"href":"https:\/\/www.pokewien.info\/index.php?rest_route=\/wp\/v2\/types\/page"}],"author":[{"embeddable":true,"href":"https:\/\/www.pokewien.info\/index.php?rest_route=\/wp\/v2\/users\/2"}],"replies":[{"embeddable":true,"href":"https:\/\/www.pokewien.info\/index.php?rest_route=%2Fwp%2Fv2%2Fcomments&post=716"}],"version-history":[{"count":4,"href":"https:\/\/www.pokewien.info\/index.php?rest_route=\/wp\/v2\/pages\/716\/revisions"}],"predecessor-version":[{"id":721,"href":"https:\/\/www.pokewien.info\/index.php?rest_route=\/wp\/v2\/pages\/716\/revisions\/721"}],"wp:attachment":[{"href":"https:\/\/www.pokewien.info\/index.php?rest_route=%2Fwp%2Fv2%2Fmedia&parent=716"}],"curies":[{"name":"wp","href":"https:\/\/api.w.org\/{rel}","templated":true}]}}