{"id":816,"date":"2021-03-22T11:45:08","date_gmt":"2021-03-22T10:45:08","guid":{"rendered":"https:\/\/www.pokewien.info\/?page_id=816"},"modified":"2022-07-16T14:33:40","modified_gmt":"2022-07-16T12:33:40","slug":"faq","status":"publish","type":"page","link":"https:\/\/www.pokewien.info\/?page_id=816","title":{"rendered":"FAQ"},"content":{"rendered":"\n<h2 class=\"wp-block-heading\">Wichtige Links<\/h2>\n\n\n\n<ul class=\"wp-block-list\"><li><a rel=\"noreferrer noopener\" href=\"https:\/\/discord.gg\/9AqYbR9\" target=\"_blank\">Discord-Server<\/a><\/li><li><a rel=\"noreferrer noopener\" href=\"https:\/\/poracle.candymap.rocks\" target=\"_blank\">Poracle<\/a> &#8211; Eigene Einstellungen f\u00fcr Benachrichtigungen f\u00fcr Discord und Telegram <em>(Spende Voraussetzung)<\/em><\/li><li><a rel=\"noreferrer noopener\" href=\"https:\/\/t.me\/CandyMapInfo\" target=\"_blank\">Telegram-Info Kanal<\/a><\/li><li>Telegram: <a href=\"http:\/\/t.me\/pokewienrarebot\">@pokewienrarebot<\/a> bzw. <a href=\"http:\/\/t.me\/pokewienraidbot\">@pokewienraidbot<\/a><\/li><\/ul>\n\n\n\n<h2 class=\"wp-block-heading\">Warum werden immer falsche Feldforschungen auf CandyMap angezeigt?<\/h2>\n\n\n\n<p>Seit dem AR-Scan-Feature k\u00f6nnen Pokestops bis zu 2 Quests halten. Daher bitten wir dich darauf zu achten ob du eine AR-Kartierungs-Aufgabe im Inventar besitzt oder nicht, so stimmen die Feldforschungen auf <a href=\"http:\/\/candymap.rocks\" target=\"_blank\" rel=\"noreferrer noopener\">CandyMap<\/a> zu 99% mit dem \u00fcberein, welche man im Spiel rausdreht. Falls es doch einmal nicht stimmen sollte, dann l\u00f6sch bitte die AR-Kartierungs-Aufgabe, dies sollte aber nur in Einzelf\u00e4llen passieren. Eine solche AR-Kartierungs-Aufgabe nimmt dir auch keinen Platz weg, du kannst weiterhin 3 Feldforschungen halten und abarbeiten.<\/p>\n\n\n\n<p>Es kann auch passieren, dass ein niedriges Spieler-Level eine falsche Belohnung erfasst hat, die Aufgabe selbst aber ident mit der angef\u00fchrten ist. Das passiert unter anderem wenn als Belohnung Sternenstaub angef\u00fchrt ist. Dies versuchen wir nat\u00fcrlich zu vermeiden.<\/p>\n\n\n\n<h2 class=\"wp-block-heading\">Wieso sehe ich keine Feldforschungen und Pok\u00e9mon IV?<\/h2>\n\n\n\n<p>N\u00e4here Infos dazu findest du unter: <a href=\"https:\/\/www.pokewien.info\/spenden\">https:\/\/www.pokewien.info\/spenden<\/a><\/p>\n\n\n\n<h2 class=\"wp-block-heading\">Wann erhalte ich Zugriff zu Feldforschungen und Pok\u00e9mon IV?<\/h2>\n\n\n\n<p>Wir kontrollieren einmal t\u00e4glich die Eing\u00e4nge, &#8211; die PayPal-API schickt uns nur verz\u00f6gert die Transaktionen zu, daher k\u00f6nnen wir nicht sofort reagieren. Bitte sei geduldig, sollte am n\u00e4chsten Tag noch keine Freischaltung erfolgt sein, melde dich bitte in <a href=\"http:\/\/t.me\/CandyMapFeedback\">Telegram<\/a>.<\/p>\n\n\n\n<h2 class=\"wp-block-heading\">Mein Link zum verifizieren meiner Email nach der Registrierung auf CandyMap funktioniert nicht?<\/h2>\n\n\n\n<p>Das k\u00f6nnte leider mehrere Ursachen haben:<\/p>\n\n\n\n<ul class=\"wp-block-list\"><li>Manche Mail-Programme erg\u00e4nzen die Linkadresse mit einem Pr\u00e4fix (z.B. <code>olm:\/\/message-contents\/XXX<\/code> oder <code>x-webdoc:\/\/XXX<\/code>), bitte manuell entfernen, so dass der Link mit <code>candymap.rocks<\/code> beginnt.<\/li><li>Verwendest du 2 Endger\u00e4te daf\u00fcr? Wenn ja, musst du dich zuerst anmelden und nochmal den Link \u00f6ffnen. <\/li><li>Bitte kopiere den Link in den Browser, wenn der Button nicht klickbar sein sollte.<\/li><li>Lass dir die Email nochmal zusenden, vielleicht ist ein Fehler passiert.<\/li><\/ul>\n\n\n\n<p>Sonst sende uns bitte eine detaillierte Fehlermeldung \u00fcber das Kontaktformular oder melde dich in <a href=\"http:\/\/t.me\/CandyMapFeedback\">Telegram<\/a>.<\/p>\n","protected":false},"excerpt":{"rendered":"<p>Wichtige Links Discord-Server Poracle &#8211; Eigene Einstellungen f\u00fcr Benachrichtigungen f\u00fcr Discord und Telegram (Spende Voraussetzung) Telegram-Info Kanal Telegram: @pokewienrarebot bzw. @pokewienraidbot Warum werden immer falsche Feldforschungen auf CandyMap angezeigt? Seit dem AR-Scan-Feature k\u00f6nnen Pokestops bis zu 2 Quests halten. Daher bitten wir dich darauf zu achten ob du eine AR-Kartierungs-Aufgabe im Inventar besitzt oder nicht, &hellip; <\/p>\n<p class=\"link-more\"><a href=\"https:\/\/www.pokewien.info\/?page_id=816\" class=\"more-link\"><span class=\"screen-reader-text\">\u201eFAQ\u201c <\/span>weiterlesen<\/a><\/p>\n","protected":false},"author":3,"featured_media":0,"parent":0,"menu_order":0,"comment_status":"closed","ping_status":"closed","template":"","meta":{"footnotes":""},"class_list":["post-816","page","type-page","status-publish","hentry"],"_links":{"self":[{"href":"https:\/\/www.pokewien.info\/index.php?rest_route=\/wp\/v2\/pages\/816","targetHints":{"allow":["GET"]}}],"collection":[{"href":"https:\/\/www.pokewien.info\/index.php?rest_route=\/wp\/v2\/pages"}],"about":[{"href":"https:\/\/www.pokewien.info\/index.php?rest_route=\/wp\/v2\/types\/page"}],"author":[{"embeddable":true,"href":"https:\/\/www.pokewien.info\/index.php?rest_route=\/wp\/v2\/users\/3"}],"replies":[{"embeddable":true,"href":"https:\/\/www.pokewien.info\/index.php?rest_route=%2Fwp%2Fv2%2Fcomments&post=816"}],"version-history":[{"count":18,"href":"https:\/\/www.pokewien.info\/index.php?rest_route=\/wp\/v2\/pages\/816\/revisions"}],"predecessor-version":[{"id":887,"href":"https:\/\/www.pokewien.info\/index.php?rest_route=\/wp\/v2\/pages\/816\/revisions\/887"}],"wp:attachment":[{"href":"https:\/\/www.pokewien.info\/index.php?rest_route=%2Fwp%2Fv2%2Fmedia&parent=816"}],"curies":[{"name":"wp","href":"https:\/\/api.w.org\/{rel}","templated":true}]}}